{"id":122,"date":"2013-07-17T15:35:57","date_gmt":"2013-07-17T13:35:57","guid":{"rendered":"https:\/\/domani.tisco.at:13200\/?page_id=122"},"modified":"2026-01-20T09:58:03","modified_gmt":"2026-01-20T07:58:03","slug":"lieferservice","status":"publish","type":"page","link":"https:\/\/www.domani.at\/?page_id=122","title":{"rendered":"Lieferservice \/ Tel.: 02287\/40800"},"content":{"rendered":"\n<div class=\"wp-block-columns is-layout-flex wp-container-core-columns-layout-1 wp-block-columns-is-layout-flex\">\n<div class=\"wp-block-column is-layout-flow wp-block-column-is-layout-flow\">\n<figure class=\"wp-block-image size-full\"><a href=\"https:\/\/www.domani.at\/wp-content\/uploads\/2024\/03\/Lieferservice1.png\"><img loading=\"lazy\" decoding=\"async\" width=\"1080\" height=\"1920\" src=\"https:\/\/www.domani.at\/wp-content\/uploads\/2024\/03\/Lieferservice1.png\" alt=\"\" class=\"wp-image-1936\"\/><\/a><\/figure>\n<\/div>\n<\/div>\n\n\n\n<p class=\"has-text-align-left\">Unser Lieferservice&nbsp;bringt Ihnen gerne die gesamten Speisen bis vor Ihrer Haust\u00fcre.<\/p>\n\n\n\n<p class=\"has-text-align-left\">Zugestellt wird von Montag bis Freitag von 11:30 Uhr bis 22:00 Uhr <br>Die letzte Bestellannahme ist um 21:30 Uhr<\/p>\n\n\n\n<p>Unsere Liefergebiete sind Strasshof, G\u00e4nserndorf,<br>G\u00e4nserndorf S\u00fcd und Deutsch Wagram.<\/p>\n\n\n\n<p>An Feiertagen wird nicht geliefert.<\/p>\n\n\n\n<p>Unsere Liefergeb\u00fchren lauten:<br>G\u00e4nserndorf, G\u00e4nserndorf S\u00fcd und Deutsch Wagram \u20ac2,00,-<br>Strasshof \u20ac1,00,-<\/p>\n\n\n\n<p>Da wir eine elektronisches Bestellannahmesystem verwenden ist es notwendig Ihren <br>Namen, die vollst\u00e4ndige Adresse sowie Ihre Telefonnummer anzugeben.<\/p>\n\n\n\n<p><strong>Bestellungen k\u00f6nnen nur telefonisch entgegengenommen werden.<\/strong><\/p>\n\n\n\n<p><strong>Derzeit k\u00f6nnen bei Hauszustellungen nur Barzahlungen angenommen werden.<\/strong><\/p>\n\n\n\n<p><span style=\"color: #000000;\">Sollten Sie Fragen haben, so sind wir gerne bereit, Ihnen unter der Telefonnummer 02287\/40800 oder per E-Mail <\/span><a href=\"mailto:pizza@domani.at\">pizza@domani.at<\/a>&nbsp;<span style=\"color: #000000;\">weiterzuhelfen. <\/span><\/p>\n\n\n\n<figure class=\"wp-block-image size-full\"><a href=\"https:\/\/www.domani.at\/wp-content\/uploads\/2024\/05\/uuidB30D0E5B-9641-4FB0-9EAD-189DB2DF2DE6library1type1mode1loctruecaptrue.jpeg\"><img loading=\"lazy\" decoding=\"async\" width=\"1519\" height=\"2700\" src=\"https:\/\/www.domani.at\/wp-content\/uploads\/2024\/05\/uuidB30D0E5B-9641-4FB0-9EAD-189DB2DF2DE6library1type1mode1loctruecaptrue.jpeg\" alt=\"\" class=\"wp-image-2097\"\/><\/a><\/figure>\n\n\n\n<p>Sollten Sie Fragen zur Datenschutzerkl\u00e4rung haben, so finden Sie diese im Impressum<\/p>\n\n\n\n<figure class=\"wp-block-embed is-type-wp-embed is-provider-domani wp-block-embed-domani\"><div class=\"wp-block-embed__wrapper\">\n<blockquote class=\"wp-embedded-content\" data-secret=\"qQcojcmVI4\"><a href=\"https:\/\/www.domani.at\/?page_id=152\">Kontakt \/ Impressum<\/a><\/blockquote><iframe class=\"wp-embedded-content\" sandbox=\"allow-scripts\" security=\"restricted\" style=\"position: absolute; clip: rect(1px, 1px, 1px, 1px);\" title=\"&#8222;Kontakt \/ Impressum&#8220; &#8212; DOMANI\" src=\"https:\/\/www.domani.at\/?page_id=152&#038;embed=true#?secret=S3GLw5f3an#?secret=qQcojcmVI4\" data-secret=\"qQcojcmVI4\" width=\"584\" height=\"329\" frameborder=\"0\" marginwidth=\"0\" marginheight=\"0\" scrolling=\"no\"><\/iframe>\n<\/div><\/figure>\n\n\n\n<p>Ihr Pizzeria Domani Team<\/p>\n","protected":false},"excerpt":{"rendered":"<p>Unser Lieferservice&nbsp;bringt Ihnen gerne die gesamten Speisen bis vor Ihrer Haust\u00fcre. Zugestellt wird von Montag bis Freitag von 11:30 Uhr bis 22:00 Uhr Die letzte Bestellannahme ist um 21:30 Uhr Unsere Liefergebiete sind Strasshof, G\u00e4nserndorf,G\u00e4nserndorf S\u00fcd und Deutsch Wagram. An &hellip; <a href=\"https:\/\/www.domani.at\/?page_id=122\">Weiterlesen <span class=\"meta-nav\">&rarr;<\/span><\/a><\/p>\n","protected":false},"author":1,"featured_media":0,"parent":59,"menu_order":7,"comment_status":"closed","ping_status":"closed","template":"","meta":{"footnotes":""},"_links":{"self":[{"href":"https:\/\/www.domani.at\/index.php?rest_route=\/wp\/v2\/pages\/122"}],"collection":[{"href":"https:\/\/www.domani.at\/index.php?rest_route=\/wp\/v2\/pages"}],"about":[{"href":"https:\/\/www.domani.at\/index.php?rest_route=\/wp\/v2\/types\/page"}],"author":[{"embeddable":true,"href":"https:\/\/www.domani.at\/index.php?rest_route=\/wp\/v2\/users\/1"}],"replies":[{"embeddable":true,"href":"https:\/\/www.domani.at\/index.php?rest_route=%2Fwp%2Fv2%2Fcomments&post=122"}],"version-history":[{"count":32,"href":"https:\/\/www.domani.at\/index.php?rest_route=\/wp\/v2\/pages\/122\/revisions"}],"predecessor-version":[{"id":2398,"href":"https:\/\/www.domani.at\/index.php?rest_route=\/wp\/v2\/pages\/122\/revisions\/2398"}],"up":[{"embeddable":true,"href":"https:\/\/www.domani.at\/index.php?rest_route=\/wp\/v2\/pages\/59"}],"wp:attachment":[{"href":"https:\/\/www.domani.at\/index.php?rest_route=%2Fwp%2Fv2%2Fmedia&parent=122"}],"curies":[{"name":"wp","href":"https:\/\/api.w.org\/{rel}","templated":true}]}}