{"id":1224,"date":"2021-09-04T16:09:14","date_gmt":"2021-09-04T14:09:14","guid":{"rendered":"https:\/\/www.domani.at\/?page_id=1224"},"modified":"2026-04-21T18:22:03","modified_gmt":"2026-04-21T16:22:03","slug":"menueplan","status":"publish","type":"page","link":"https:\/\/www.domani.at\/?page_id=1224","title":{"rendered":"Men\u00fcplan"},"content":{"rendered":"\n<div data-wp-interactive=\"\" class=\"wp-block-file\"><object data-wp-bind--hidden=\"!selectors.core.file.hasPdfPreview\" hidden class=\"wp-block-file__embed\" data=\"https:\/\/www.domani.at\/wp-content\/uploads\/2026\/04\/Menueplan-KW-16-KW-17-2026.pdf\" type=\"application\/pdf\" style=\"width:100%;height:600px\" aria-label=\"Einbettung von Men\u00fcplan KW 16 - 13.04.2026 - 17.04.2026<br&gt;+<br&gt;Men\u00fcplan KW 17 - 20.04.2026 - 24.04.2026.\"><\/object><a id=\"wp-block-file--media-df9a1a08-33bf-4b41-a2c7-e255ae02a880\" href=\"https:\/\/www.domani.at\/wp-content\/uploads\/2026\/04\/Menueplan-KW-16-KW-17-2026.pdf\">Men\u00fcplan KW 16 &#8211; 13.04.2026 &#8211; 17.04.2026<br>+<br>Men\u00fcplan KW 17 &#8211; 20.04.2026 &#8211; 24.04.2026<\/a><a href=\"https:\/\/www.domani.at\/wp-content\/uploads\/2026\/04\/Menueplan-KW-16-KW-17-2026.pdf\" class=\"wp-block-file__button wp-element-button\" download aria-describedby=\"wp-block-file--media-df9a1a08-33bf-4b41-a2c7-e255ae02a880\">Herunterladen<\/a><\/div>\n\n\n\n<div data-wp-interactive=\"\" class=\"wp-block-file\"><object data-wp-bind--hidden=\"!selectors.core.file.hasPdfPreview\" hidden class=\"wp-block-file__embed\" data=\"https:\/\/www.domani.at\/wp-content\/uploads\/2026\/03\/Menueplan-KW-18-KW-19-2026.pdf\" type=\"application\/pdf\" style=\"width:100%;height:600px\" aria-label=\"Einbettung von Men\u00fcplan KW 18 - 27.04.2026 - 01.05.2026<br&gt;+<br&gt;Men\u00fcplan KW 19 - 04.05.2026 - 08.05.2026.\"><\/object><a id=\"wp-block-file--media-d6eb5c64-17e8-407e-b722-911b52e28980\" href=\"https:\/\/www.domani.at\/wp-content\/uploads\/2026\/03\/Menueplan-KW-18-KW-19-2026.pdf\">Men\u00fcplan KW 18 &#8211; 27.04.2026 &#8211; 01.05.2026<br>+<br>Men\u00fcplan KW 19 &#8211; 04.05.2026 &#8211; 08.05.2026<\/a><a href=\"https:\/\/www.domani.at\/wp-content\/uploads\/2026\/03\/Menueplan-KW-18-KW-19-2026.pdf\" class=\"wp-block-file__button wp-element-button\" download aria-describedby=\"wp-block-file--media-d6eb5c64-17e8-407e-b722-911b52e28980\">Herunterladen<\/a><\/div>\n\n\n\n<div data-wp-interactive=\"\" class=\"wp-block-file\"><object data-wp-bind--hidden=\"!selectors.core.file.hasPdfPreview\" hidden class=\"wp-block-file__embed\" data=\"https:\/\/www.domani.at\/wp-content\/uploads\/2026\/04\/Menueplan-KW-20-KW-21-2026.pdf\" type=\"application\/pdf\" style=\"width:100%;height:600px\" aria-label=\"Einbettung von Men\u00fcplan KW 20 - 11.05.2026 - 15.05.2026<br&gt;+<br&gt;Men\u00fcplan KW 21 - 18.05.2026 - 22.05.2026.\"><\/object><a id=\"wp-block-file--media-a9b8ae9a-14f4-4c72-a184-ff2cb76a8315\" href=\"https:\/\/www.domani.at\/wp-content\/uploads\/2026\/04\/Menueplan-KW-20-KW-21-2026.pdf\">Men\u00fcplan KW 20 &#8211; 11.05.2026 &#8211; 15.05.2026<br>+<br>Men\u00fcplan KW 21 &#8211; 18.05.2026 &#8211; 22.05.2026<\/a><a href=\"https:\/\/www.domani.at\/wp-content\/uploads\/2026\/04\/Menueplan-KW-20-KW-21-2026.pdf\" class=\"wp-block-file__button wp-element-button\" download aria-describedby=\"wp-block-file--media-a9b8ae9a-14f4-4c72-a184-ff2cb76a8315\">Herunterladen<\/a><\/div>\n\n\n\n<p>Dieses Angebot steht Ihnen von Montag bis Freitag (ausgenommen an Feiertagen)<br>von 11:00 bis 14:00 Uhr bei uns im Restaurant f\u00fcr \u20ac 9,60,- <br>oder zum Mitnehmen um \u20ac 10,60,- zur Verf\u00fcgung \u2013 (solange der Vorrat reicht) &#8211; <br>Freitag (Fischmen\u00fc) bei uns im Restaurant f\u00fcr \u20ac 11,20,- \/ zum Mitnehmen \u20ac12,20,-<br><br>Selbstverst\u00e4ndlich wird auch das Men\u00fc von uns, zu Ihnen nach Hause geliefert.<br><br>Bestellen Sie Ihr Men\u00fc zum Mitnehmen telefonisch unter 02287\/40800<br><br>Reservieren Sie Ihren Tisch unter 02287\/40800<\/p>\n\n\n\n<p>Wir w\u00fcnschen Ihnen einen guten Apetitt.<\/p>\n\n\n\n<p>Unser Mittagsmen\u00fc besteht aus einer Tagessuppe und einem Hauptgericht.<\/p>\n","protected":false},"excerpt":{"rendered":"<p>Dieses Angebot steht Ihnen von Montag bis Freitag (ausgenommen an Feiertagen)von 11:00 bis 14:00 Uhr bei uns im Restaurant f\u00fcr \u20ac 9,60,- oder zum Mitnehmen um \u20ac 10,60,- zur Verf\u00fcgung \u2013 (solange der Vorrat reicht) &#8211; Freitag (Fischmen\u00fc) bei uns &hellip; <a href=\"https:\/\/www.domani.at\/?page_id=1224\">Weiterlesen <span class=\"meta-nav\">&rarr;<\/span><\/a><\/p>\n","protected":false},"author":1,"featured_media":0,"parent":59,"menu_order":2,"comment_status":"closed","ping_status":"closed","template":"","meta":{"footnotes":""},"_links":{"self":[{"href":"https:\/\/www.domani.at\/index.php?rest_route=\/wp\/v2\/pages\/1224"}],"collection":[{"href":"https:\/\/www.domani.at\/index.php?rest_route=\/wp\/v2\/pages"}],"about":[{"href":"https:\/\/www.domani.at\/index.php?rest_route=\/wp\/v2\/types\/page"}],"author":[{"embeddable":true,"href":"https:\/\/www.domani.at\/index.php?rest_route=\/wp\/v2\/users\/1"}],"replies":[{"embeddable":true,"href":"https:\/\/www.domani.at\/index.php?rest_route=%2Fwp%2Fv2%2Fcomments&post=1224"}],"version-history":[{"count":191,"href":"https:\/\/www.domani.at\/index.php?rest_route=\/wp\/v2\/pages\/1224\/revisions"}],"predecessor-version":[{"id":2440,"href":"https:\/\/www.domani.at\/index.php?rest_route=\/wp\/v2\/pages\/1224\/revisions\/2440"}],"up":[{"embeddable":true,"href":"https:\/\/www.domani.at\/index.php?rest_route=\/wp\/v2\/pages\/59"}],"wp:attachment":[{"href":"https:\/\/www.domani.at\/index.php?rest_route=%2Fwp%2Fv2%2Fmedia&parent=1224"}],"curies":[{"name":"wp","href":"https:\/\/api.w.org\/{rel}","templated":true}]}}