{"id":1238,"date":"2021-09-20T11:36:42","date_gmt":"2021-09-20T09:36:42","guid":{"rendered":"https:\/\/www.domani.at\/?page_id=1238"},"modified":"2026-02-13T08:39:49","modified_gmt":"2026-02-13T06:39:49","slug":"starten-sie-jetzt-ihre-domani-karriere","status":"publish","type":"page","link":"https:\/\/www.domani.at\/?page_id=1238","title":{"rendered":"Starten Sie jetzt Ihre Domani Karriere!"},"content":{"rendered":"\n<p>Wir sind ein famili\u00e4r gef\u00fchrtes Unternehmen seit \u00fcber 28 Jahren.<\/p>\n\n\n\n<p>Unser gesamtes Team besteht derzeit aus 33 tollen MitarbeiterInnen.<br>Werden Sie ein Teil von uns.<\/p>\n\n\n\n<p><strong>Offene Jobs Pizzeria Restaurant Domani:<\/strong><\/p>\n\n\n\n<p><em>Derzeit sind alle Stellen besetzt<\/em><\/p>\n\n\n\n<p>Senden Sie uns Ihre Bewerbung an pizza@domani.at<br>oder<br>kontaktieren Sie uns telefonsich unter 0664 54 00 750<br> <br><br><strong>Offene Jobs Domani Casa: <\/strong><br><br><em>Derzeit sind alle Stellen besetzt<\/em><\/p>\n\n\n\n<p>Senden Sie uns Ihre Bewerbung an pizza@domani.at<br>oder<br>kontaktieren Sie uns telefonsich unter 0664 54 00 750<\/p>\n\n\n\n<p><\/p>\n","protected":false},"excerpt":{"rendered":"<p>Wir sind ein famili\u00e4r gef\u00fchrtes Unternehmen seit \u00fcber 28 Jahren. Unser gesamtes Team besteht derzeit aus 33 tollen MitarbeiterInnen.Werden Sie ein Teil von uns. Offene Jobs Pizzeria Restaurant Domani: Derzeit sind alle Stellen besetzt Senden Sie uns Ihre Bewerbung an &hellip; <a href=\"https:\/\/www.domani.at\/?page_id=1238\">Weiterlesen <span class=\"meta-nav\">&rarr;<\/span><\/a><\/p>\n","protected":false},"author":1,"featured_media":0,"parent":59,"menu_order":2,"comment_status":"closed","ping_status":"closed","template":"","meta":{"footnotes":""},"_links":{"self":[{"href":"https:\/\/www.domani.at\/index.php?rest_route=\/wp\/v2\/pages\/1238"}],"collection":[{"href":"https:\/\/www.domani.at\/index.php?rest_route=\/wp\/v2\/pages"}],"about":[{"href":"https:\/\/www.domani.at\/index.php?rest_route=\/wp\/v2\/types\/page"}],"author":[{"embeddable":true,"href":"https:\/\/www.domani.at\/index.php?rest_route=\/wp\/v2\/users\/1"}],"replies":[{"embeddable":true,"href":"https:\/\/www.domani.at\/index.php?rest_route=%2Fwp%2Fv2%2Fcomments&post=1238"}],"version-history":[{"count":15,"href":"https:\/\/www.domani.at\/index.php?rest_route=\/wp\/v2\/pages\/1238\/revisions"}],"predecessor-version":[{"id":2410,"href":"https:\/\/www.domani.at\/index.php?rest_route=\/wp\/v2\/pages\/1238\/revisions\/2410"}],"up":[{"embeddable":true,"href":"https:\/\/www.domani.at\/index.php?rest_route=\/wp\/v2\/pages\/59"}],"wp:attachment":[{"href":"https:\/\/www.domani.at\/index.php?rest_route=%2Fwp%2Fv2%2Fmedia&parent=1238"}],"curies":[{"name":"wp","href":"https:\/\/api.w.org\/{rel}","templated":true}]}}