{"id":124,"date":"2013-07-17T15:36:18","date_gmt":"2013-07-17T13:36:18","guid":{"rendered":"https:\/\/domani.tisco.at:13200\/?page_id=124"},"modified":"2024-05-09T10:50:20","modified_gmt":"2024-05-09T08:50:20","slug":"lokal","status":"publish","type":"page","link":"https:\/\/www.domani.at\/?page_id=124","title":{"rendered":"Restaurant"},"content":{"rendered":"<p>Egal, ob Sie ein romantisches Abendessen mit gutem Wein genie\u00dfen, in Ihrer Mittagspause\u00a0preiswert essen oder es sich bei einem Cappuccino in unserem Gastgarten gut gehen lassen wollen, Sie sind bei uns genau richtig.<\/p>\n<p>F\u00fcr Firmenfeiern, Geburtstage, Familienfeieren, Hochzeiten oder andere Anl\u00e4sse k\u00f6nnen wir Ihnen unsere komplette Auswahl an Speisen und Getr\u00e4nken bei uns im Haus anbieten.<\/p>\n<p>\n\n\n<\/p>\n<p><a href=\"https:\/\/www.weinviertel-360grad.at\/virtualtours\/strasshof\/pizzeriadomani2022\/domani_portal_neu.html\" target=\"_blank\" rel=\"noreferrer noopener\">Hier geht es zum 360\u00b0 Rundgang &#8211; viel Spa\u00df \ud83d\ude42<\/a><\/p>\n<p>\n\n\n<\/p>\n<p>Um Reservierung wird gebeten, da wir somit\u00a0sicherstellen k\u00f6nnen, dass Sie Ihren Lieblingsplatz bei uns im Restaurant oder im Garten garantiert einnehmen k\u00f6nnen.<br \/>Selbstverst\u00e4ndlich k\u00f6nnen Sie sich aussuchen, ob Sie im Raucher oder im Nichtraucher Bereich platznehmen wollen.<\/p>\n<p>Auf Ihren Besuch freut sich das Pizzeria Domani Team<\/p>\n<h2>\u00a0<\/h2>\n<h2>\u00a0<\/h2>\n<h2><strong>ZAHLUNGSM\u00d6GLICHKEITEN IM RESTAURANT<\/strong><\/h2>\n\n\n<figure class=\"wp-block-image size-full\"><a href=\"https:\/\/www.domani.at\/wp-content\/uploads\/2023\/08\/Zahlungsmoeglichkeiten-Domani.png\"><img loading=\"lazy\" decoding=\"async\" width=\"895\" height=\"899\" src=\"https:\/\/www.domani.at\/wp-content\/uploads\/2023\/08\/Zahlungsmoeglichkeiten-Domani.png\" alt=\"\" class=\"wp-image-1810\"\/><\/a><\/figure>\n\n\n\n<figure class=\"wp-block-image size-full\"><a href=\"https:\/\/www.domani.at\/wp-content\/uploads\/2024\/05\/uuid287FBDD7-18EA-4F26-A85F-5E07580A97A6library1type1mode1loctruecaptrue.jpeg\"><img loading=\"lazy\" decoding=\"async\" width=\"1519\" height=\"2700\" src=\"https:\/\/www.domani.at\/wp-content\/uploads\/2024\/05\/uuid287FBDD7-18EA-4F26-A85F-5E07580A97A6library1type1mode1loctruecaptrue.jpeg\" alt=\"\" class=\"wp-image-2100\"\/><\/a><\/figure>\n","protected":false},"excerpt":{"rendered":"<p>Egal, ob Sie ein romantisches Abendessen mit gutem Wein genie\u00dfen, in Ihrer Mittagspause\u00a0preiswert essen oder es sich bei einem Cappuccino in unserem Gastgarten gut gehen lassen wollen, Sie sind bei uns genau richtig. F\u00fcr Firmenfeiern, Geburtstage, Familienfeieren, Hochzeiten oder andere &hellip; <a href=\"https:\/\/www.domani.at\/?page_id=124\">Weiterlesen <span class=\"meta-nav\">&rarr;<\/span><\/a><\/p>\n","protected":false},"author":1,"featured_media":0,"parent":59,"menu_order":3,"comment_status":"closed","ping_status":"closed","template":"","meta":{"footnotes":""},"_links":{"self":[{"href":"https:\/\/www.domani.at\/index.php?rest_route=\/wp\/v2\/pages\/124"}],"collection":[{"href":"https:\/\/www.domani.at\/index.php?rest_route=\/wp\/v2\/pages"}],"about":[{"href":"https:\/\/www.domani.at\/index.php?rest_route=\/wp\/v2\/types\/page"}],"author":[{"embeddable":true,"href":"https:\/\/www.domani.at\/index.php?rest_route=\/wp\/v2\/users\/1"}],"replies":[{"embeddable":true,"href":"https:\/\/www.domani.at\/index.php?rest_route=%2Fwp%2Fv2%2Fcomments&post=124"}],"version-history":[{"count":22,"href":"https:\/\/www.domani.at\/index.php?rest_route=\/wp\/v2\/pages\/124\/revisions"}],"predecessor-version":[{"id":2101,"href":"https:\/\/www.domani.at\/index.php?rest_route=\/wp\/v2\/pages\/124\/revisions\/2101"}],"up":[{"embeddable":true,"href":"https:\/\/www.domani.at\/index.php?rest_route=\/wp\/v2\/pages\/59"}],"wp:attachment":[{"href":"https:\/\/www.domani.at\/index.php?rest_route=%2Fwp%2Fv2%2Fmedia&parent=124"}],"curies":[{"name":"wp","href":"https:\/\/api.w.org\/{rel}","templated":true}]}}