{"id":1280,"date":"2021-11-10T10:35:06","date_gmt":"2021-11-10T08:35:06","guid":{"rendered":"https:\/\/www.domani.at\/?page_id=1280"},"modified":"2025-11-20T14:21:28","modified_gmt":"2025-11-20T12:21:28","slug":"tischreservierungen","status":"publish","type":"page","link":"https:\/\/www.domani.at\/?page_id=1280","title":{"rendered":"Tischreservierungen &#8222;online&#8220;"},"content":{"rendered":"\n<p>Liebe G\u00e4ste, <br><br>Ab sofort k\u00f6nnen Sie Ihren Tisch online reservieren. <br><br>&#8222;Online&#8220; k\u00f6nnen Tische f\u00fcr maximal 12 Personen reserviert werden. <br>Die Tische m\u00fcssen &#8222;online&#8220; mindestens 2 Stunden im vorhinein reserviert werden.<br><br>Wir geben unser Bestes einen passenden Tisch f\u00fcr Sie zu finden. Leider k\u00f6nnen wir gew\u00fcnschte bzw. spezielle Tischw\u00fcnsche nicht versprechen.<br><br>Sollten Sie andere Bed\u00fcrfnisse haben, so kontaktieren Sie uns bitte telefonisch unter 02287\/40800 oder per E-Mail unter pizza@domani.at<\/p>\n\n\n\n<p>Das Team der Pizzeria Domani freut sich auf Ihre Reservierung. <\/p>\n\n\n\n<div id=\"tablechamp-widget\"><\/div>\n<script type=\"text\/javascript\" src=\"https:\/\/widget.tablechamp.at\/assets\/tablechamp-widget.js\"><\/script>\n<script>\n\twindow.initTableChampWidget({\n\t\turl: 'https:\/\/widget.tablechamp.at',\n\t\tlocationId: 'DbjMxveYAIJbZFWAOnnB',\n\t\tapiKey: 'eyJhbGciOiJIUzI1NiIsInR5cCI6IkpXVCJ9.eyJkYXRhIjp7ImFjY291bnRJZCI6InBpenplcmlhZG9tYS04NjUwNDY4In0sImlhdCI6MTU3MzA0NDk5NH0.ELDrlX1bYjql95vHJeyHvU1mhyvsX3HvZF4tjIHOisE'\n\t});\n<\/script>\n\n\n\n<div data-wp-interactive=\"\" class=\"wp-block-file\"><object data-wp-bind--hidden=\"!selectors.core.file.hasPdfPreview\" hidden class=\"wp-block-file__embed\" data=\"https:\/\/www.domani.at\/wp-content\/uploads\/2025\/11\/RESERVIERUNGS-UND-STORNOBEDINGUNGEN-Pizzeria-Restaurant-Domani-pdf.pdf\" type=\"application\/pdf\" style=\"width:100%;height:600px\" aria-label=\"Einbettung von Reservierungsbedingungen, Hausordnung und Haftung Pizzeria Restaurant Domani.\"><\/object><a id=\"wp-block-file--media-638deb98-bcdd-492f-b3d7-daea1bff07b0\" href=\"https:\/\/www.domani.at\/wp-content\/uploads\/2025\/11\/RESERVIERUNGS-UND-STORNOBEDINGUNGEN-Pizzeria-Restaurant-Domani-pdf.pdf\">Reservierungsbedingungen, Hausordnung und Haftung Pizzeria Restaurant Domani<\/a><a href=\"https:\/\/www.domani.at\/wp-content\/uploads\/2025\/11\/RESERVIERUNGS-UND-STORNOBEDINGUNGEN-Pizzeria-Restaurant-Domani-pdf.pdf\" class=\"wp-block-file__button wp-element-button\" download aria-describedby=\"wp-block-file--media-638deb98-bcdd-492f-b3d7-daea1bff07b0\">Herunterladen<\/a><\/div>\n\n\n\n<figure class=\"wp-block-embed is-type-wp-embed is-provider-domani wp-block-embed-domani\"><div class=\"wp-block-embed__wrapper\">\n<blockquote class=\"wp-embedded-content\" data-secret=\"TMd5Vz9NEX\"><a href=\"https:\/\/www.domani.at\/?page_id=152\">Kontakt \/ Impressum<\/a><\/blockquote><iframe class=\"wp-embedded-content\" sandbox=\"allow-scripts\" security=\"restricted\" style=\"position: absolute; clip: rect(1px, 1px, 1px, 1px);\" title=\"&#8222;Kontakt \/ Impressum&#8220; &#8212; DOMANI\" src=\"https:\/\/www.domani.at\/?page_id=152&#038;embed=true#?secret=a4jMLJpZV0#?secret=TMd5Vz9NEX\" data-secret=\"TMd5Vz9NEX\" width=\"584\" height=\"329\" frameborder=\"0\" marginwidth=\"0\" marginheight=\"0\" scrolling=\"no\"><\/iframe>\n<\/div><figcaption class=\"wp-element-caption\">Sollten Sie Fragen zur Datenschutzerkl\u00e4rung haben, so finden Sie diese im Impressum<\/figcaption><\/figure>\n","protected":false},"excerpt":{"rendered":"<p>Liebe G\u00e4ste, Ab sofort k\u00f6nnen Sie Ihren Tisch online reservieren. &#8222;Online&#8220; k\u00f6nnen Tische f\u00fcr maximal 12 Personen reserviert werden. Die Tische m\u00fcssen &#8222;online&#8220; mindestens 2 Stunden im vorhinein reserviert werden. Wir geben unser Bestes einen passenden Tisch f\u00fcr Sie zu &hellip; <a href=\"https:\/\/www.domani.at\/?page_id=1280\">Weiterlesen <span class=\"meta-nav\">&rarr;<\/span><\/a><\/p>\n","protected":false},"author":1,"featured_media":0,"parent":59,"menu_order":2,"comment_status":"closed","ping_status":"closed","template":"","meta":{"footnotes":""},"_links":{"self":[{"href":"https:\/\/www.domani.at\/index.php?rest_route=\/wp\/v2\/pages\/1280"}],"collection":[{"href":"https:\/\/www.domani.at\/index.php?rest_route=\/wp\/v2\/pages"}],"about":[{"href":"https:\/\/www.domani.at\/index.php?rest_route=\/wp\/v2\/types\/page"}],"author":[{"embeddable":true,"href":"https:\/\/www.domani.at\/index.php?rest_route=\/wp\/v2\/users\/1"}],"replies":[{"embeddable":true,"href":"https:\/\/www.domani.at\/index.php?rest_route=%2Fwp%2Fv2%2Fcomments&post=1280"}],"version-history":[{"count":13,"href":"https:\/\/www.domani.at\/index.php?rest_route=\/wp\/v2\/pages\/1280\/revisions"}],"predecessor-version":[{"id":2357,"href":"https:\/\/www.domani.at\/index.php?rest_route=\/wp\/v2\/pages\/1280\/revisions\/2357"}],"up":[{"embeddable":true,"href":"https:\/\/www.domani.at\/index.php?rest_route=\/wp\/v2\/pages\/59"}],"wp:attachment":[{"href":"https:\/\/www.domani.at\/index.php?rest_route=%2Fwp%2Fv2%2Fmedia&parent=1280"}],"curies":[{"name":"wp","href":"https:\/\/api.w.org\/{rel}","templated":true}]}}