{"id":133,"date":"2013-07-17T15:56:15","date_gmt":"2013-07-17T13:56:15","guid":{"rendered":"https:\/\/domani.tisco.at:13200\/?page_id=133"},"modified":"2024-03-13T12:28:29","modified_gmt":"2024-03-13T10:28:29","slug":"unser-team","status":"publish","type":"page","link":"https:\/\/www.domani.at\/?page_id=133","title":{"rendered":"Unser Team"},"content":{"rendered":"<p style=\"text-align: left;\">Auf unsere MitarbeiterInnen sind wir ganz besonders stolz. Genau deswegen bekommen diese einen eigenen Platz auf unserer Homepage.<\/p>\n<p>Unser Motto lautet<\/p>\n<ul>\n<li>Gemeinsam sind wir stark<\/li>\n<li>Gemeinsam macht es Spa\u00df<\/li>\n<li>Gemeinsam sind wir erfolgreich<\/li>\n<li>Gemeinsam k\u00f6nnen wir viel bewegen<\/li>\n<\/ul>\n<p>Wir wissen, dass unsere MitarbeiterInnen einen wesentlichen\u00a0Beitrag an dem haben, wie es heute ist. Wir behaupten eines der besten Lokale in der Umgebung zu sein,<br \/>und dies ist ein gro\u00dfer Verdienst unserer Belegschaft. Wertsch\u00e4tzung und Zusammenarbeit leben wir.<\/p>\n<p>Angefangen haben wir mit f\u00fcnf MitarbeiterInnen heute sind es \u00fcber 30 MitarbeiterInnen.<br \/>Wir legen sehr viel Wert,\u00a0dass der Umgang untereinander und miteinander stets famili\u00e4r und freundlich\u00a0ist.<\/p>\n<p>Ein gro\u00dfes Anliegen ist es uns, dass unser Team eine ausgewogene Balance zwischen Arbeit und Freizeit findet. Geregelte Dienstzeiten, Dienstpl\u00e4ne werden 2 Monate im vorhinein online gestellt. Richtig geh\u00f6rt, online. Unser kompletes Dienstplan und Verrechnungswesen erfolgt online. Jedes Teammitglied hat eine eigene App. Jede Sekunde wird online erfasst und selbstverst\u00e4ndlich auch bezahlt. 2-w\u00f6chiger Betriebsurlaub im August, mindestens 1,5 fixe Wochenenden frei pro Monat, oftmals sind es auch zwei, wo unsere Team frei hat. 24.12 &amp; 25.12 sowie 31.12 ab 15:00 Uhr sind unsere MitarbeiterInnen ebenfalls bei deren Familien, somit haben wir auch an diesen Tagen Ruhetag.<\/p>\n<p>P\u00fcnktliche und ordentliche Lohnzahlungen sind bei uns im Betrieb von gr\u00f6\u00dfter Bedeutung.<br \/>Jahrelange MitarbeiterInnen sind das Aush\u00e4ngeschildes eines guten Betriebs.<br \/>Derzeit haben wir sogar noch zwei Mitarbeiter-Legenden, die seit dem ersten Tag bei uns sind.<\/p>\n<p>Nachwuchs wird ebenfalls bei uns ausgeblidet. Im Bereich Service und,-oder K\u00fcche bilden wir junge Menschen aus. Derzeit haben wir 2 flei\u00dfige und super motivierte Lehrlinge im Haus. Zahlreiche Sommer oder SchnupperpraktikanntenInnen kommen jedes Jahr zu uns in den Betrieb um die Welt des Gastgewerbes zu entdecken.<\/p>\n<p>In der Pizzeria Domani oder in der\u00a0Domani Casa\u00a0ist unser Team stets bem\u00fcht Ihnen\u00a0jegliche W\u00fcnsche so gut wie m\u00f6glich zu erf\u00fcllen.<\/p>\n<p>Daf\u00fcr m\u00f6chten wir uns bei unserem tollen Team sehr herzlich bedanken.<\/p>\n<p style=\"text-align: left;\">Ihre Familie Hitter<\/p>\n<p>\u00a0<\/p>\n\n\n<figure class=\"wp-block-image size-full\"><a href=\"https:\/\/www.domani.at\/wp-content\/uploads\/2024\/03\/Bild-7.jpg\"><img loading=\"lazy\" decoding=\"async\" width=\"1519\" height=\"2700\" src=\"https:\/\/www.domani.at\/wp-content\/uploads\/2024\/03\/Bild-7.jpg\" alt=\"\" class=\"wp-image-2010\"\/><\/a><\/figure>\n","protected":false},"excerpt":{"rendered":"<p>Auf unsere MitarbeiterInnen sind wir ganz besonders stolz. Genau deswegen bekommen diese einen eigenen Platz auf unserer Homepage. Unser Motto lautet Gemeinsam sind wir stark Gemeinsam macht es Spa\u00df Gemeinsam sind wir erfolgreich Gemeinsam k\u00f6nnen wir viel bewegen Wir wissen, &hellip; <a href=\"https:\/\/www.domani.at\/?page_id=133\">Weiterlesen <span class=\"meta-nav\">&rarr;<\/span><\/a><\/p>\n","protected":false},"author":1,"featured_media":0,"parent":0,"menu_order":5,"comment_status":"closed","ping_status":"closed","template":"","meta":{"footnotes":""},"_links":{"self":[{"href":"https:\/\/www.domani.at\/index.php?rest_route=\/wp\/v2\/pages\/133"}],"collection":[{"href":"https:\/\/www.domani.at\/index.php?rest_route=\/wp\/v2\/pages"}],"about":[{"href":"https:\/\/www.domani.at\/index.php?rest_route=\/wp\/v2\/types\/page"}],"author":[{"embeddable":true,"href":"https:\/\/www.domani.at\/index.php?rest_route=\/wp\/v2\/users\/1"}],"replies":[{"embeddable":true,"href":"https:\/\/www.domani.at\/index.php?rest_route=%2Fwp%2Fv2%2Fcomments&post=133"}],"version-history":[{"count":18,"href":"https:\/\/www.domani.at\/index.php?rest_route=\/wp\/v2\/pages\/133\/revisions"}],"predecessor-version":[{"id":2011,"href":"https:\/\/www.domani.at\/index.php?rest_route=\/wp\/v2\/pages\/133\/revisions\/2011"}],"wp:attachment":[{"href":"https:\/\/www.domani.at\/index.php?rest_route=%2Fwp%2Fv2%2Fmedia&parent=133"}],"curies":[{"name":"wp","href":"https:\/\/api.w.org\/{rel}","templated":true}]}}