{"id":2042,"date":"2024-03-20T13:52:08","date_gmt":"2024-03-20T11:52:08","guid":{"rendered":"https:\/\/www.domani.at\/?page_id=2042"},"modified":"2026-01-16T14:19:07","modified_gmt":"2026-01-16T12:19:07","slug":"test","status":"publish","type":"page","link":"https:\/\/www.domani.at\/?page_id=2042","title":{"rendered":"Sport &#038; Kultur"},"content":{"rendered":"\n<p>Liebe G\u00e4ste, <br><br>Wir d\u00fcrfen Ihnen hier einen kleinen Auszug von unseren Freuenden aus den Bereichen Sport und Kultur pr\u00e4sentieren<\/p>\n\n\n\n<p><strong>Freiwillige Feuerwehr Strasshof<\/strong><\/p>\n\n\n\n<p><a href=\"https:\/\/www.feuerwehr-strasshof.at\/\" target=\"_blank\" rel=\"noreferrer noopener\">Hier geht es zur Homepage von unserer Freiwilligen Feuerwehr Strasshof<\/a><\/p>\n\n\n\n<p><strong>Versch\u00f6nerungsverrein Stolze F\u00f6hre Strasshof<\/strong><\/p>\n\n\n\n<p><a href=\"https:\/\/www.verschoenerungsverein-stolzefoehre.at\/\" target=\"_blank\" rel=\"noreferrer noopener\">Hier geht es zur Homepage vom Versch\u00f6nerungsverein Stolze F\u00f6hre Strasshof<\/a><br><br><strong>Heizhaus in Strasshof<\/strong><\/p>\n\n\n\n<p><a href=\"https:\/\/eisenbahnmuseum-heizhaus.com\/de\/\" target=\"_blank\" rel=\"noreferrer noopener\">Hier geht es zur Homepage vom Eisenbahnmuseum Strasshof<\/a><\/p>\n\n\n\n<p><strong>Musikverein Strasshof<\/strong><\/p>\n\n\n\n<p><a href=\"https:\/\/www.musikverein-strasshof.at\/\" target=\"_blank\" rel=\"noreferrer noopener\">Hier geht es zur Homepage vom Musikverein Strasshof<\/a><br><br><strong>Musikverein Sch\u00f6nkirchen Reyersdorf<\/strong><\/p>\n\n\n\n<p><a href=\"https:\/\/mv-schoenkirchen-reyersdorf.at\/\" target=\"_blank\" rel=\"noreferrer noopener\">Hier geht es zur Homepage vom Musikverein Sch\u00f6nkirchen Reyersdorf<\/a><br><br><strong>Laufclub Strasshof<\/strong><\/p>\n\n\n\n<p><a href=\"https:\/\/www.laufclub-strasshof.at\/\" target=\"_blank\" rel=\"noreferrer noopener\">Hier geht es zur Homepage vom Laufclub Strasshof<\/a><br><br><strong>Sportverein Strasshof<\/strong><\/p>\n\n\n\n<p><a href=\"https:\/\/askoe-strasshof-sv.c.tactix-clubs.com\/\" target=\"_blank\" rel=\"noreferrer noopener\">Hier geht es zur Homepage vom Sportverein Strasshof<\/a><br><strong><br>Sportverein Deutsch Wagram <\/strong><br><a href=\"http:\/\/www.spartadw.at\/\" target=\"_blank\" rel=\"noreferrer noopener\">Hier geht es zur Homepage vom Sportverein Deutsch Wagram<\/a><\/p>\n\n\n\n<p><strong>BSV 2020 <\/strong><br>Brauchtums- Sport und Kulturverein<br><\/p>\n\n\n<div class=\"wp-block-image\">\n<figure class=\"aligncenter size-full\"><a href=\"https:\/\/www.domani.at\/wp-content\/uploads\/2024\/03\/Bild-8-1.jpg\"><img loading=\"lazy\" decoding=\"async\" width=\"640\" height=\"640\" src=\"https:\/\/www.domani.at\/wp-content\/uploads\/2024\/03\/Bild-8-1.jpg\" alt=\"\" class=\"wp-image-2067\"\/><\/a><\/figure><\/div>","protected":false},"excerpt":{"rendered":"<p>Liebe G\u00e4ste, Wir d\u00fcrfen Ihnen hier einen kleinen Auszug von unseren Freuenden aus den Bereichen Sport und Kultur pr\u00e4sentieren Freiwillige Feuerwehr Strasshof Hier geht es zur Homepage von unserer Freiwilligen Feuerwehr Strasshof Versch\u00f6nerungsverrein Stolze F\u00f6hre Strasshof Hier geht es zur &hellip; <a href=\"https:\/\/www.domani.at\/?page_id=2042\">Weiterlesen <span class=\"meta-nav\">&rarr;<\/span><\/a><\/p>\n","protected":false},"author":1,"featured_media":0,"parent":0,"menu_order":8,"comment_status":"closed","ping_status":"closed","template":"","meta":{"footnotes":""},"_links":{"self":[{"href":"https:\/\/www.domani.at\/index.php?rest_route=\/wp\/v2\/pages\/2042"}],"collection":[{"href":"https:\/\/www.domani.at\/index.php?rest_route=\/wp\/v2\/pages"}],"about":[{"href":"https:\/\/www.domani.at\/index.php?rest_route=\/wp\/v2\/types\/page"}],"author":[{"embeddable":true,"href":"https:\/\/www.domani.at\/index.php?rest_route=\/wp\/v2\/users\/1"}],"replies":[{"embeddable":true,"href":"https:\/\/www.domani.at\/index.php?rest_route=%2Fwp%2Fv2%2Fcomments&post=2042"}],"version-history":[{"count":8,"href":"https:\/\/www.domani.at\/index.php?rest_route=\/wp\/v2\/pages\/2042\/revisions"}],"predecessor-version":[{"id":2394,"href":"https:\/\/www.domani.at\/index.php?rest_route=\/wp\/v2\/pages\/2042\/revisions\/2394"}],"wp:attachment":[{"href":"https:\/\/www.domani.at\/index.php?rest_route=%2Fwp%2Fv2%2Fmedia&parent=2042"}],"curies":[{"name":"wp","href":"https:\/\/api.w.org\/{rel}","templated":true}]}}