{"id":251,"date":"2013-08-25T19:23:50","date_gmt":"2013-08-25T17:23:50","guid":{"rendered":"https:\/\/domani.tisco.at:13200\/?page_id=251"},"modified":"2024-03-25T13:27:51","modified_gmt":"2024-03-25T11:27:51","slug":"willkommen","status":"publish","type":"page","link":"https:\/\/www.domani.at\/","title":{"rendered":"Herzlich willkommen"},"content":{"rendered":"<p style=\"text-align: center;\">Wir freuen uns sehr \u00fcber Ihren Besuch auf unserer Internetseite\u00a0und hoffen Sie bald in einem unserer Betriebe begr\u00fc\u00dfen zu d\u00fcrfen.<\/p>\n<p style=\"text-align: center;\">Auf dieser\u00a0Homepage m\u00f6chten wir Ihnen unsere zwei Betriebe<br \/>Pizzeria Restaurant Domani und Domani Casa n\u00e4her bringen.<\/p>\n<p style=\"text-align: center;\">Viel Spa\u00df beim erkunden unserer Homepage w\u00fcnscht Ihnen<br \/>Ihr Domani Team<\/p>\n<p style=\"text-align: center;\"><strong>Um ein Zimmer zu buchen, klicken Sie bitte auf unser Domani Casa Logo<\/strong><\/p>\n<p style=\"text-align: center;\"><a href=\"https:\/\/ibev5.hotels-online-buchen.de\/ibe\/domaninordbahn\" target=\"_blank\" rel=\"noopener noreferrer\"><img loading=\"lazy\" decoding=\"async\" class=\"aligncenter wp-image-621\" style=\"width: 205px;\" src=\"https:\/\/www.domani.at\/wp-content\/uploads\/2013\/08\/Domani-Casa-Logo-mit-Icons.gif\" alt=\"Logo Domani CASA\" width=\"116\" height=\"134\" \/><\/a>Werden Sie ein Teil unserer &#8222;Social-Media&#8220; Familie und folgen Sie uns auf Instagram um keine Neuigkeiten zuverpassen. Scannen Sie diesen QR-Code mit Ihrer Kamera am Smartphone &#8211; wir freuen uns auf Sie.<\/p>\n\n<div class=\"wp-block-image\">\n<figure class=\"aligncenter size-full is-resized\"><a href=\"https:\/\/www.domani.at\/wp-content\/uploads\/2024\/03\/domani.pizzeria.strasshof_qr.png\"><img loading=\"lazy\" decoding=\"async\" width=\"2350\" height=\"2700\" src=\"https:\/\/www.domani.at\/wp-content\/uploads\/2024\/03\/domani.pizzeria.strasshof_qr.png\" alt=\"\" class=\"wp-image-2063\" style=\"width:272px;height:auto\"\/><\/a><\/figure><\/div>","protected":false},"excerpt":{"rendered":"<p>Wir freuen uns sehr \u00fcber Ihren Besuch auf unserer Internetseite\u00a0und hoffen Sie bald in einem unserer Betriebe begr\u00fc\u00dfen zu d\u00fcrfen. Auf dieser\u00a0Homepage m\u00f6chten wir Ihnen unsere zwei BetriebePizzeria Restaurant Domani und Domani Casa n\u00e4her bringen. Viel Spa\u00df beim erkunden unserer &hellip; <a href=\"https:\/\/www.domani.at\/\">Weiterlesen <span class=\"meta-nav\">&rarr;<\/span><\/a><\/p>\n","protected":false},"author":1,"featured_media":0,"parent":59,"menu_order":20,"comment_status":"closed","ping_status":"closed","template":"","meta":{"footnotes":""},"_links":{"self":[{"href":"https:\/\/www.domani.at\/index.php?rest_route=\/wp\/v2\/pages\/251"}],"collection":[{"href":"https:\/\/www.domani.at\/index.php?rest_route=\/wp\/v2\/pages"}],"about":[{"href":"https:\/\/www.domani.at\/index.php?rest_route=\/wp\/v2\/types\/page"}],"author":[{"embeddable":true,"href":"https:\/\/www.domani.at\/index.php?rest_route=\/wp\/v2\/users\/1"}],"replies":[{"embeddable":true,"href":"https:\/\/www.domani.at\/index.php?rest_route=%2Fwp%2Fv2%2Fcomments&post=251"}],"version-history":[{"count":50,"href":"https:\/\/www.domani.at\/index.php?rest_route=\/wp\/v2\/pages\/251\/revisions"}],"predecessor-version":[{"id":2065,"href":"https:\/\/www.domani.at\/index.php?rest_route=\/wp\/v2\/pages\/251\/revisions\/2065"}],"up":[{"embeddable":true,"href":"https:\/\/www.domani.at\/index.php?rest_route=\/wp\/v2\/pages\/59"}],"wp:attachment":[{"href":"https:\/\/www.domani.at\/index.php?rest_route=%2Fwp%2Fv2%2Fmedia&parent=251"}],"curies":[{"name":"wp","href":"https:\/\/api.w.org\/{rel}","templated":true}]}}