{"id":432,"date":"2014-01-27T18:28:25","date_gmt":"2014-01-27T16:28:25","guid":{"rendered":"http:\/\/www.domani.at\/?page_id=432"},"modified":"2025-07-03T08:24:01","modified_gmt":"2025-07-03T06:24:01","slug":"aktuelles","status":"publish","type":"page","link":"https:\/\/www.domani.at\/?page_id=432","title":{"rendered":"Geschichte zu unserer Fr\u00fchst\u00fcckspension"},"content":{"rendered":"<p>Unser Projekt Domani Casa wurde am Samstag, den 24. Mai 2014 er\u00f6ffnet.<\/p>\n<p align=\"LEFT\">Wir bedanken uns recht herzlich bei den ausf\u00fchrenden Firmen und deren MitarbeiterInnen, die es erm\u00f6glicht haben, unsere Domani Casa in k\u00fcrzester Zeit zu einem wahren Schmuckst\u00fcck zu verwandeln.<\/p>\n<p align=\"LEFT\">Besonderen Dank an Bmst.Haumer, Firma Weidl Bau, Trenz-Installationen, Elektro-Schrottmeyer, B.S.R.Bau-Fassade, Holzer-Fenster&amp;Tore, SPVidlak-Tv&amp;Sat ,<br \/>Linhart-Dach, Hahnebacher-Innent\u00fcren, H\u00e4fele-Schlie\u00dfsystem, Grafik Hati, Offlimit, Rath-Maler, Pinz-Innendesign, Vogelhuber-Fliesen, Tisco-EDV, Secguard,G\u00e4nger-Transporte, HK-Poolbau sowie an die flei\u00dfigen HelferInnen: Richi, Hofi, Fuchsi, Ramona, Sandra, Manuel, Jasmin, und Opa Franz.<br \/><br \/>Anfang 2025 wurde unser Haus bereits zum 2 mal renoviert. Besonderen Dank gilt an unsere langj\u00e4hrige Partner Firma Rath (Malermeister) aus G\u00e4nserndorf<\/p>\n<p align=\"LEFT\"><a href=\"http:\/\/www.domani.at\/?page_id=60\"><img loading=\"lazy\" decoding=\"async\" class=\"wp-image-621 aligncenter\" style=\"width: 257px;\" src=\"http:\/\/www.domani.at\/wp-content\/uploads\/2013\/08\/Domani-Casa-Logo-mit-Icons.gif\" alt=\"Logo Domani CASA\" width=\"137\" height=\"121\" \/><\/a><\/p>\n<p align=\"LEFT\"><a href=\"http:\/\/www.domani.at\/wp-content\/uploads\/2013\/08\/Domani-Casa-Logo-mit-Icons.gif\">\u00a0<\/a><\/p>\n\n\n<figure class=\"wp-block-gallery has-nested-images columns-default is-cropped wp-block-gallery-1 is-layout-flex wp-block-gallery-is-layout-flex\">\n<figure class=\"wp-block-image size-large\"><a href=\"https:\/\/www.domani.at\/wp-content\/uploads\/2025\/07\/Bild4.jpeg\"><img loading=\"lazy\" decoding=\"async\" width=\"2700\" height=\"1801\" data-id=\"2290\" src=\"https:\/\/www.domani.at\/wp-content\/uploads\/2025\/07\/Bild4.jpeg\" alt=\"\" class=\"wp-image-2290\"\/><\/a><\/figure>\n<\/figure>\n\n\n\n<figure class=\"wp-block-image size-full\"><a href=\"https:\/\/www.domani.at\/wp-content\/uploads\/2025\/07\/Bild22.jpeg\"><img loading=\"lazy\" decoding=\"async\" width=\"2700\" height=\"1801\" src=\"https:\/\/www.domani.at\/wp-content\/uploads\/2025\/07\/Bild22.jpeg\" alt=\"\" class=\"wp-image-2289\"\/><\/a><\/figure>\n\n\n\n<figure class=\"wp-block-image size-full\"><a href=\"https:\/\/www.domani.at\/wp-content\/uploads\/2025\/07\/Bild18.jpeg\"><img loading=\"lazy\" decoding=\"async\" width=\"2700\" height=\"1801\" src=\"https:\/\/www.domani.at\/wp-content\/uploads\/2025\/07\/Bild18.jpeg\" alt=\"\" class=\"wp-image-2292\"\/><\/a><\/figure>\n","protected":false},"excerpt":{"rendered":"<p>Unser Projekt Domani Casa wurde am Samstag, den 24. Mai 2014 er\u00f6ffnet. Wir bedanken uns recht herzlich bei den ausf\u00fchrenden Firmen und deren MitarbeiterInnen, die es erm\u00f6glicht haben, unsere Domani Casa in k\u00fcrzester Zeit zu einem wahren Schmuckst\u00fcck zu verwandeln. &hellip; <a href=\"https:\/\/www.domani.at\/?page_id=432\">Weiterlesen <span class=\"meta-nav\">&rarr;<\/span><\/a><\/p>\n","protected":false},"author":1,"featured_media":0,"parent":60,"menu_order":1,"comment_status":"closed","ping_status":"closed","template":"","meta":{"footnotes":""},"_links":{"self":[{"href":"https:\/\/www.domani.at\/index.php?rest_route=\/wp\/v2\/pages\/432"}],"collection":[{"href":"https:\/\/www.domani.at\/index.php?rest_route=\/wp\/v2\/pages"}],"about":[{"href":"https:\/\/www.domani.at\/index.php?rest_route=\/wp\/v2\/types\/page"}],"author":[{"embeddable":true,"href":"https:\/\/www.domani.at\/index.php?rest_route=\/wp\/v2\/users\/1"}],"replies":[{"embeddable":true,"href":"https:\/\/www.domani.at\/index.php?rest_route=%2Fwp%2Fv2%2Fcomments&post=432"}],"version-history":[{"count":16,"href":"https:\/\/www.domani.at\/index.php?rest_route=\/wp\/v2\/pages\/432\/revisions"}],"predecessor-version":[{"id":2293,"href":"https:\/\/www.domani.at\/index.php?rest_route=\/wp\/v2\/pages\/432\/revisions\/2293"}],"up":[{"embeddable":true,"href":"https:\/\/www.domani.at\/index.php?rest_route=\/wp\/v2\/pages\/60"}],"wp:attachment":[{"href":"https:\/\/www.domani.at\/index.php?rest_route=%2Fwp%2Fv2%2Fmedia&parent=432"}],"curies":[{"name":"wp","href":"https:\/\/api.w.org\/{rel}","templated":true}]}}