{"id":438,"date":"2014-03-28T17:36:11","date_gmt":"2014-03-28T15:36:11","guid":{"rendered":"http:\/\/www.domani.at\/?page_id=438"},"modified":"2025-12-19T10:16:47","modified_gmt":"2025-12-19T08:16:47","slug":"zimmer-ausstattung","status":"publish","type":"page","link":"https:\/\/www.domani.at\/?page_id=438","title":{"rendered":"Zimmer \/ Ausstattung"},"content":{"rendered":"\n<figure class=\"wp-block-image size-full is-resized\"><a href=\"https:\/\/www.domani.at\/wp-content\/uploads\/2025\/07\/Bild3.jpeg\"><img loading=\"lazy\" decoding=\"async\" width=\"2700\" height=\"1801\" src=\"https:\/\/www.domani.at\/wp-content\/uploads\/2025\/07\/Bild3.jpeg\" alt=\"\" class=\"wp-image-2270\" style=\"width:399px;height:auto\"\/><\/a><\/figure>\n\n\n\n<figure class=\"wp-block-image size-full is-resized\"><a href=\"https:\/\/www.domani.at\/wp-content\/uploads\/2025\/07\/Bild15.jpeg\"><img loading=\"lazy\" decoding=\"async\" width=\"2700\" height=\"1801\" src=\"https:\/\/www.domani.at\/wp-content\/uploads\/2025\/07\/Bild15.jpeg\" alt=\"\" class=\"wp-image-2272\" style=\"width:400px;height:auto\"\/><\/a><\/figure>\n\n\n\n<figure class=\"wp-block-image size-full is-resized\"><a href=\"https:\/\/www.domani.at\/wp-content\/uploads\/2025\/07\/Bild20.jpeg\"><img loading=\"lazy\" decoding=\"async\" width=\"2700\" height=\"1801\" src=\"https:\/\/www.domani.at\/wp-content\/uploads\/2025\/07\/Bild20.jpeg\" alt=\"\" class=\"wp-image-2273\" style=\"width:403px;height:auto\"\/><\/a><\/figure>\n\n\n\n<figure class=\"wp-block-image size-full is-resized\"><a href=\"https:\/\/www.domani.at\/wp-content\/uploads\/2025\/07\/Bild26.jpeg\"><img loading=\"lazy\" decoding=\"async\" width=\"2700\" height=\"1801\" src=\"https:\/\/www.domani.at\/wp-content\/uploads\/2025\/07\/Bild26.jpeg\" alt=\"\" class=\"wp-image-2275\" style=\"width:405px;height:auto\"\/><\/a><\/figure>\n\n\n<p><strong>Anzahl der Zimmer<\/strong><br \/>Insgesamt haben wir 16 Zimmer zu vermieten. In jedem Doppelzimmer sind<br \/>Bad &amp; WC baulich voneinander getrennt.<\/p>\n<p><strong>W-Lan<\/strong><br \/>Unser kostenloses W-Lan erm\u00f6glicht Ihnen ein problemloses &#8222;surfen&#8220; oder arbeiten im Internet. Sie erhalten den Einstiegscode in der Hotelbrosch\u00fcre, welche in jedem Zimmer aufliegt. Sie k\u00f6nnen im ganzen Geb\u00e4ude das Internet nutzen, da zahlreiche W-Lan Hotspots installiert wurden.<\/p>\n<p><strong>TV<\/strong><br \/>Jedes Zimmer verf\u00fcgt \u00fcber einen 32 Zoll Flatscreen mit zahlreichen TV-Programmen.<\/p>\n<p><strong>Arbeitsbereich<\/strong><br \/>In jedem unserer Zimmer ist ein passender Schreibtisch eingerichtet. Hierf\u00fcr\u00a0stehen Ihnen\u00a0drei Steckdosen zur Verf\u00fcgung, damit einem problemlosen Arbeiten nichts mehr im Weg steht.<\/p>\n<p><strong>Luxuri\u00f6se Boxspringbetten der Extraklasse<\/strong><br \/>In jedem unserer hochmodernen Zimmer befinden sich edle Boxspringbetten mit komfortablem Kopfteil. Diese Betten sind nicht nur\u00a0ein optischer Hingucker, sie bieten Ihnen auch den besten Schlafkomfort und erm\u00f6glichen einen \u00e4u\u00dferst angenehmen Ein,- und Ausstieg. Damit Sie sich schnell und gut erholen, bieten wir in jedem Bett einen Komfort-Topper, eine kuschligen Decke und einen tollen Kopfpolster an. Zus\u00e4tzlich wurde in allen Einzelzimmern Betten mit \u00dcberbreite angeschafft (120&#215;100).<\/p>\n<p><strong>Getr\u00e4nkeautomat<\/strong><br \/>Im Eingangsbereich befindet sich der Getr\u00e4nkeautomat der Ihnen schmackhafte Getr\u00e4nke offeriert. Dieser Getr\u00e4nkeautomat funktioniert mit M\u00fcnzen.<\/p>\n<p><strong>Wir gehen mit der Umwelt sorgsam um!<br \/><\/strong>Wir haben uns einige Ziele gesetzt, damit wir die Umwelt schonend behandeln.<\/p>\n<p><strong>Stromversorgung<\/strong><br \/>Sobald Sie das Zimmer betreten, ist es wichtig, dass Sie Ihre Zimmerkarte in den Kartenleser stecken. Dadurch wird das gem\u00fctliche Zimmer mit Strom versorgt. Beim hinausziehen der Karte ist das Zimmer, (au\u00dfer die Steckdosen beim Schreibtisch) stromlos.<\/p>\n<p style=\"text-align: center;\"><a href=\"http:\/\/www.domani.at\/wp-content\/uploads\/2014\/03\/3.0-Energiesparschalter.jpg\"><img loading=\"lazy\" decoding=\"async\" class=\"wp-image-654 aligncenter\" src=\"http:\/\/www.domani.at\/wp-content\/uploads\/2014\/03\/3.0-Energiesparschalter.jpg\" alt=\"Energiesparschalter\" width=\"241\" height=\"161\" \/><\/a><\/p>\n<p><strong>Bad &amp; WC<\/strong><br \/>In jedem Doppelzimmer und Dreibettzimmer\u00a0ist das Bad und das WC r\u00e4umlich getrennt.<\/p>\n<p><strong>Handtuch \/ Badetuchservice<\/strong><br \/>Selbstverst\u00e4ndlich liegen in unseren Badezimmern gen\u00fcgend Bade,- und Handt\u00fccher auf. Sollten Sie der Meinung sein, frische Handt\u00fccher zu ben\u00f6tigen, so legen Sie Ihre Bade,- bzw. Handt\u00fccher bitte auf den Fu\u00dfboden.<\/p>\n<p><strong>Sicherheit<\/strong><br \/>Um optimale Sicherheit zu garantieren wurden im Haus und im hofeigenen Parkplatz Videokameras installiert. Jedes Zimmer besitzt einen Safe, damit Sie Ihre privaten Utensilien sicher verstauen k\u00f6nnen.<\/p>\n<p><strong>Fensterkontakt<\/strong><br \/>Wir heizen in den k\u00fchlen Monaten nicht f\u00fcr die Umwelt, sondern nur f\u00fcr Sie.<br \/>Sobald ein Fenster ge\u00f6ffnet wird schaltet sich die Heizung aus. Beim schlie\u00dfen des Fensters geht die Heizung wieder an.<\/p>\n<p><strong>Heizk\u00f6rper<\/strong><br \/>Wenn ein Zimmer nicht vergeben ist, wird die Temperatur im Zimmer so gering als m\u00f6glich gehalten. Beim Einchecken wird der Heizk\u00f6rper sofort aktiv und versucht in k\u00fcrzester Zeit das Zimmer auf eine angenehme Raumtemperatur zu bringen.<\/p>\n<p><strong>Im Notfall<\/strong><\/p>\n<p>Notfalltelefon<br \/>Im Eingangsbereich befindet sich das Notfalltelefon.<br \/>Beim bet\u00e4tigen des Notfallknopfes werden Sie automatisch zum Euronotruf verbunden.<\/p>\n<p style=\"text-align: center;\">Sollten jetzt noch Fragen auftreten, so bitten wir Sie eine Mail an<br \/>casa@domani.at\u00a0zu senden.<\/p>\n<p style=\"text-align: center;\">Wir w\u00fcnschen Ihnen einen angenehmen Aufenthalt in der Domani Casa<\/p>","protected":false},"excerpt":{"rendered":"<p>Anzahl der ZimmerInsgesamt haben wir 16 Zimmer zu vermieten. In jedem Doppelzimmer sindBad &amp; WC baulich voneinander getrennt. W-LanUnser kostenloses W-Lan erm\u00f6glicht Ihnen ein problemloses &#8222;surfen&#8220; oder arbeiten im Internet. Sie erhalten den Einstiegscode in der Hotelbrosch\u00fcre, welche in jedem &hellip; <a href=\"https:\/\/www.domani.at\/?page_id=438\">Weiterlesen <span class=\"meta-nav\">&rarr;<\/span><\/a><\/p>\n","protected":false},"author":1,"featured_media":0,"parent":60,"menu_order":3,"comment_status":"closed","ping_status":"closed","template":"","meta":{"footnotes":""},"_links":{"self":[{"href":"https:\/\/www.domani.at\/index.php?rest_route=\/wp\/v2\/pages\/438"}],"collection":[{"href":"https:\/\/www.domani.at\/index.php?rest_route=\/wp\/v2\/pages"}],"about":[{"href":"https:\/\/www.domani.at\/index.php?rest_route=\/wp\/v2\/types\/page"}],"author":[{"embeddable":true,"href":"https:\/\/www.domani.at\/index.php?rest_route=\/wp\/v2\/users\/1"}],"replies":[{"embeddable":true,"href":"https:\/\/www.domani.at\/index.php?rest_route=%2Fwp%2Fv2%2Fcomments&post=438"}],"version-history":[{"count":24,"href":"https:\/\/www.domani.at\/index.php?rest_route=\/wp\/v2\/pages\/438\/revisions"}],"predecessor-version":[{"id":2372,"href":"https:\/\/www.domani.at\/index.php?rest_route=\/wp\/v2\/pages\/438\/revisions\/2372"}],"up":[{"embeddable":true,"href":"https:\/\/www.domani.at\/index.php?rest_route=\/wp\/v2\/pages\/60"}],"wp:attachment":[{"href":"https:\/\/www.domani.at\/index.php?rest_route=%2Fwp%2Fv2%2Fmedia&parent=438"}],"curies":[{"name":"wp","href":"https:\/\/api.w.org\/{rel}","templated":true}]}}