{"id":442,"date":"2014-03-28T17:40:47","date_gmt":"2014-03-28T15:40:47","guid":{"rendered":"http:\/\/www.domani.at\/?page_id=442"},"modified":"2025-07-03T08:17:14","modified_gmt":"2025-07-03T06:17:14","slug":"fruehstueck","status":"publish","type":"page","link":"https:\/\/www.domani.at\/?page_id=442","title":{"rendered":"Fr\u00fchst\u00fcck"},"content":{"rendered":"\n<figure class=\"wp-block-image size-full\"><a href=\"https:\/\/www.domani.at\/wp-content\/uploads\/2025\/07\/Bild13.jpeg\"><img loading=\"lazy\" decoding=\"async\" width=\"2700\" height=\"1801\" src=\"https:\/\/www.domani.at\/wp-content\/uploads\/2025\/07\/Bild13.jpeg\" alt=\"\" class=\"wp-image-2283\"\/><\/a><\/figure>\n\n\n<p>Das Fr\u00fchst\u00fcck wird jeden Tag frisch zubereitet und ist als Fr\u00fchst\u00fccksbuffet zu sehen.<br \/>\nSie k\u00f6nnen von\u00a0Montag bis Freitag von\u00a006:00 Uhr bis\u00a008:00\u00a0Uhr\u00a0und am Wochenende sowie an Feiertagen von 07:30 Uhr\u00a0bis\u00a009:00 Uhr\u00a0fr\u00fchst\u00fccken.<\/p>\n<p style=\"text-align: center;\"><strong>Der Fr\u00fchst\u00fcckspreis ist im Zimmerpreis inbegriffen.<\/strong><\/p>\n<p>Der Fr\u00fchst\u00fccksraum befindet sich im Erdgeschoss und ist nur w\u00e4hrend der Fr\u00fchst\u00fcckszeiten zug\u00e4nglich.<\/p>\n<p><a href=\"http:\/\/www.domani.at\/wp-content\/uploads\/2014\/03\/Fruestuecksraum.jpg\"><img loading=\"lazy\" decoding=\"async\" class=\"alignleft size-full wp-image-646\" src=\"http:\/\/www.domani.at\/wp-content\/uploads\/2014\/03\/Fruestuecksraum.jpg\" alt=\"Fr\u00fchst\u00fccksraum\" width=\"1800\" height=\"1200\" \/><\/a><a href=\"http:\/\/www.domani.at\/wp-content\/uploads\/2014\/02\/Fruehstuecksraum-III-Bild4.jpg\"><br \/>\n<\/a><\/p>\n<p>&nbsp;<\/p>\n<p style=\"text-align: center;\">Wir freuen uns auf Sie, Ihr Domani Casa Team<\/p>\n\n\n<figure class=\"wp-block-image size-full\"><a href=\"https:\/\/www.domani.at\/wp-content\/uploads\/2025\/07\/Bild16.jpeg\"><img loading=\"lazy\" decoding=\"async\" width=\"2700\" height=\"1801\" src=\"https:\/\/www.domani.at\/wp-content\/uploads\/2025\/07\/Bild16.jpeg\" alt=\"\" class=\"wp-image-2278\"\/><\/a><\/figure>\n\n\n\n<figure class=\"wp-block-gallery has-nested-images columns-default is-cropped wp-block-gallery-1 is-layout-flex wp-block-gallery-is-layout-flex\">\n<figure class=\"wp-block-image size-large\"><a href=\"https:\/\/www.domani.at\/wp-content\/uploads\/2025\/07\/Bild6.jpeg\"><img loading=\"lazy\" decoding=\"async\" width=\"2700\" height=\"1801\" data-id=\"2279\" src=\"https:\/\/www.domani.at\/wp-content\/uploads\/2025\/07\/Bild6.jpeg\" alt=\"\" class=\"wp-image-2279\"\/><\/a><\/figure>\n\n\n\n<figure class=\"wp-block-image size-large\"><a href=\"https:\/\/www.domani.at\/wp-content\/uploads\/2025\/07\/Bild8.jpeg\"><img loading=\"lazy\" decoding=\"async\" width=\"2700\" height=\"1801\" data-id=\"2280\" src=\"https:\/\/www.domani.at\/wp-content\/uploads\/2025\/07\/Bild8.jpeg\" alt=\"\" class=\"wp-image-2280\"\/><\/a><\/figure>\n<\/figure>\n","protected":false},"excerpt":{"rendered":"<p>Das Fr\u00fchst\u00fcck wird jeden Tag frisch zubereitet und ist als Fr\u00fchst\u00fccksbuffet zu sehen. Sie k\u00f6nnen von\u00a0Montag bis Freitag von\u00a006:00 Uhr bis\u00a008:00\u00a0Uhr\u00a0und am Wochenende sowie an Feiertagen von 07:30 Uhr\u00a0bis\u00a009:00 Uhr\u00a0fr\u00fchst\u00fccken. Der Fr\u00fchst\u00fcckspreis ist im Zimmerpreis inbegriffen. Der Fr\u00fchst\u00fccksraum befindet sich &hellip; <a href=\"https:\/\/www.domani.at\/?page_id=442\">Weiterlesen <span class=\"meta-nav\">&rarr;<\/span><\/a><\/p>\n","protected":false},"author":1,"featured_media":0,"parent":60,"menu_order":5,"comment_status":"closed","ping_status":"closed","template":"","meta":{"footnotes":""},"_links":{"self":[{"href":"https:\/\/www.domani.at\/index.php?rest_route=\/wp\/v2\/pages\/442"}],"collection":[{"href":"https:\/\/www.domani.at\/index.php?rest_route=\/wp\/v2\/pages"}],"about":[{"href":"https:\/\/www.domani.at\/index.php?rest_route=\/wp\/v2\/types\/page"}],"author":[{"embeddable":true,"href":"https:\/\/www.domani.at\/index.php?rest_route=\/wp\/v2\/users\/1"}],"replies":[{"embeddable":true,"href":"https:\/\/www.domani.at\/index.php?rest_route=%2Fwp%2Fv2%2Fcomments&post=442"}],"version-history":[{"count":14,"href":"https:\/\/www.domani.at\/index.php?rest_route=\/wp\/v2\/pages\/442\/revisions"}],"predecessor-version":[{"id":2284,"href":"https:\/\/www.domani.at\/index.php?rest_route=\/wp\/v2\/pages\/442\/revisions\/2284"}],"up":[{"embeddable":true,"href":"https:\/\/www.domani.at\/index.php?rest_route=\/wp\/v2\/pages\/60"}],"wp:attachment":[{"href":"https:\/\/www.domani.at\/index.php?rest_route=%2Fwp%2Fv2%2Fmedia&parent=442"}],"curies":[{"name":"wp","href":"https:\/\/api.w.org\/{rel}","templated":true}]}}