{"id":537,"date":"2014-03-28T17:27:14","date_gmt":"2014-03-28T15:27:14","guid":{"rendered":"http:\/\/www.domani.at\/?page_id=537"},"modified":"2025-11-20T07:50:05","modified_gmt":"2025-11-20T05:50:05","slug":"bilder-preise-jetzt-buchen","status":"publish","type":"page","link":"https:\/\/www.domani.at\/?page_id=537","title":{"rendered":"Bilder \/ Preise \/ Jetzt Buchen"},"content":{"rendered":"<p style=\"text-align: center;\"><strong><span style=\"color: #ff0000;\"><a style=\"color: #ff0000;\" href=\"https:\/\/ibev5.hotels-online-buchen.de\/ibe\/domaninordbahn\" target=\"_blank\" rel=\"noopener\">Hier k\u00f6nnen Sie bequem und schnell online buchen<\/a><\/span><\/strong><\/p>\n<p style=\"text-align: center;\"><strong>Einzelzimmer<\/strong> \u20ac 59,00,-<br \/><a href=\"http:\/\/www.domani.at\/wp-content\/uploads\/2014\/03\/Gruen-EZ.jpg\"><img loading=\"lazy\" decoding=\"async\" class=\"alignleft size-full wp-image-648\" src=\"http:\/\/www.domani.at\/wp-content\/uploads\/2014\/03\/Gruen-EZ.jpg\" alt=\"Einzelzimmer\" width=\"1800\" height=\"1200\" \/><\/a><\/p>\n<p style=\"text-align: center;\"><strong>Doppelzimmer<\/strong> \u20ac 109,00,-<\/p>\n<p style=\"text-align: left;\">\u00a0<\/p>\n\n\n<figure class=\"wp-block-image size-full\"><a href=\"https:\/\/www.domani.at\/wp-content\/uploads\/2025\/07\/Bild15.jpeg\"><img loading=\"lazy\" decoding=\"async\" width=\"2700\" height=\"1801\" src=\"https:\/\/www.domani.at\/wp-content\/uploads\/2025\/07\/Bild15.jpeg\" alt=\"\" class=\"wp-image-2272\"\/><\/a><\/figure>\n\n\n<p style=\"text-align: left;\">\n<p style=\"text-align: center;\">Diese Preise verstehen sich als Zimmerpreise und beinhalten Fr\u00fchst\u00fcck, Ortstaxe sowie alle Steuern und Abgaben<\/p>\n<p style=\"text-align: center;\"><strong><span style=\"color: #ff0000;\"><a style=\"color: #ff0000;\" href=\"https:\/\/ibev5.hotels-online-buchen.de\/ibe\/domaninordbahn\" target=\"_blank\" rel=\"noopener\">ONLINE ZIMMER BUCHEN<\/a><\/span><\/strong><\/p>\n<p style=\"text-align: center;\"><strong>Fr\u00fchst\u00fccksraum<\/strong><\/p>\n<p style=\"text-align: left;\"><strong><a href=\"http:\/\/www.domani.at\/wp-content\/uploads\/2014\/03\/Fruestuecksraum.jpg\"><img loading=\"lazy\" decoding=\"async\" class=\"alignleft size-full wp-image-646\" src=\"http:\/\/www.domani.at\/wp-content\/uploads\/2014\/03\/Fruestuecksraum.jpg\" alt=\"Fr\u00fchst\u00fccksraum\" width=\"1800\" height=\"1200\" \/><\/a><br \/>\n<\/strong><\/p>\n<p style=\"text-align: center;\"><strong>ALLE ZIMMER SIND NICHTRAUCHERZIMMER<\/strong><\/p>\n<p style=\"text-align: center;\">Servicepauschale f\u00fcr Haustiere \u20ac 9,00,- pro Aufenthalt<\/p>\n<p style=\"text-align: center;\">Sonderpreise f\u00fcr Dauermieter nur nach pers\u00f6nlicher Vereinbarung<\/p>\n<p style=\"text-align: center;\">Sollten Sie jetzt noch Fragen haben, so z\u00f6gern Sie bitte nicht und kontaktieren Sie uns unter casa@domani.at<\/p>\n<p style=\"text-align: center;\">Sie erreichen uns telefonisch von 11:00 &#8211; 18:00 Uhr unter 0664 54 00 750<\/p>","protected":false},"excerpt":{"rendered":"<p>Hier k\u00f6nnen Sie bequem und schnell online buchen Einzelzimmer \u20ac 59,00,- Doppelzimmer \u20ac 109,00,- \u00a0 Diese Preise verstehen sich als Zimmerpreise und beinhalten Fr\u00fchst\u00fcck, Ortstaxe sowie alle Steuern und Abgaben ONLINE ZIMMER BUCHEN Fr\u00fchst\u00fccksraum ALLE ZIMMER SIND NICHTRAUCHERZIMMER Servicepauschale f\u00fcr &hellip; <a href=\"https:\/\/www.domani.at\/?page_id=537\">Weiterlesen <span class=\"meta-nav\">&rarr;<\/span><\/a><\/p>\n","protected":false},"author":1,"featured_media":0,"parent":60,"menu_order":2,"comment_status":"closed","ping_status":"closed","template":"","meta":{"footnotes":""},"_links":{"self":[{"href":"https:\/\/www.domani.at\/index.php?rest_route=\/wp\/v2\/pages\/537"}],"collection":[{"href":"https:\/\/www.domani.at\/index.php?rest_route=\/wp\/v2\/pages"}],"about":[{"href":"https:\/\/www.domani.at\/index.php?rest_route=\/wp\/v2\/types\/page"}],"author":[{"embeddable":true,"href":"https:\/\/www.domani.at\/index.php?rest_route=\/wp\/v2\/users\/1"}],"replies":[{"embeddable":true,"href":"https:\/\/www.domani.at\/index.php?rest_route=%2Fwp%2Fv2%2Fcomments&post=537"}],"version-history":[{"count":28,"href":"https:\/\/www.domani.at\/index.php?rest_route=\/wp\/v2\/pages\/537\/revisions"}],"predecessor-version":[{"id":2354,"href":"https:\/\/www.domani.at\/index.php?rest_route=\/wp\/v2\/pages\/537\/revisions\/2354"}],"up":[{"embeddable":true,"href":"https:\/\/www.domani.at\/index.php?rest_route=\/wp\/v2\/pages\/60"}],"wp:attachment":[{"href":"https:\/\/www.domani.at\/index.php?rest_route=%2Fwp%2Fv2%2Fmedia&parent=537"}],"curies":[{"name":"wp","href":"https:\/\/api.w.org\/{rel}","templated":true}]}}