{"id":60,"date":"2013-06-27T20:13:58","date_gmt":"2013-06-27T18:13:58","guid":{"rendered":"https:\/\/domani.tisco.at:13200\/?page_id=60"},"modified":"2023-11-23T14:02:20","modified_gmt":"2023-11-23T12:02:20","slug":"casa-domani","status":"publish","type":"page","link":"https:\/\/www.domani.at\/?page_id=60","title":{"rendered":"Domani Casa"},"content":{"rendered":"<p style=\"text-align: left;\">Unsere Fr\u00fchst\u00fcckspension Domani Casa wurde am 24.05.2014 er\u00f6ffnet!<\/p>\n<p>Wir w\u00fcnschen Ihnen viel Spa\u00df beim erkunden unserer Homepage und w\u00fcrden uns<br \/>\nfreuen, Sie bald bei uns in der Domani Casa begr\u00fc\u00dfen zu d\u00fcrfen.<\/p>\n<p style=\"text-align: center;\"><span style=\"color: #ff0000;\"><strong><a style=\"color: #ff0000;\" href=\"https:\/\/ibev5.hotels-online-buchen.de\/ibe\/domaninordbahn\" target=\"_blank\" rel=\"noopener\">JETZT BUCHEN<\/a><\/strong><\/span><\/p>\n<p style=\"text-align: left;\">\n","protected":false},"excerpt":{"rendered":"<p>Unsere Fr\u00fchst\u00fcckspension Domani Casa wurde am 24.05.2014 er\u00f6ffnet! Wir w\u00fcnschen Ihnen viel Spa\u00df beim erkunden unserer Homepage und w\u00fcrden uns freuen, Sie bald bei uns in der Domani Casa begr\u00fc\u00dfen zu d\u00fcrfen. JETZT BUCHEN<\/p>\n","protected":false},"author":1,"featured_media":0,"parent":0,"menu_order":3,"comment_status":"closed","ping_status":"closed","template":"","meta":{"footnotes":""},"_links":{"self":[{"href":"https:\/\/www.domani.at\/index.php?rest_route=\/wp\/v2\/pages\/60"}],"collection":[{"href":"https:\/\/www.domani.at\/index.php?rest_route=\/wp\/v2\/pages"}],"about":[{"href":"https:\/\/www.domani.at\/index.php?rest_route=\/wp\/v2\/types\/page"}],"author":[{"embeddable":true,"href":"https:\/\/www.domani.at\/index.php?rest_route=\/wp\/v2\/users\/1"}],"replies":[{"embeddable":true,"href":"https:\/\/www.domani.at\/index.php?rest_route=%2Fwp%2Fv2%2Fcomments&post=60"}],"version-history":[{"count":24,"href":"https:\/\/www.domani.at\/index.php?rest_route=\/wp\/v2\/pages\/60\/revisions"}],"predecessor-version":[{"id":1866,"href":"https:\/\/www.domani.at\/index.php?rest_route=\/wp\/v2\/pages\/60\/revisions\/1866"}],"wp:attachment":[{"href":"https:\/\/www.domani.at\/index.php?rest_route=%2Fwp%2Fv2%2Fmedia&parent=60"}],"curies":[{"name":"wp","href":"https:\/\/api.w.org\/{rel}","templated":true}]}}